{"id":1071,"date":"2026-01-19T23:37:35","date_gmt":"2026-01-19T20:37:35","guid":{"rendered":"https:\/\/reve-voyages.com\/?page_id=1071"},"modified":"2026-01-20T15:35:55","modified_gmt":"2026-01-20T12:35:55","slug":"no-shippinf","status":"publish","type":"page","link":"https:\/\/reve-voyages.com\/en\/no-shippinf\/","title":{"rendered":"Refund w shipping"},"content":{"rendered":"<p>Si<strong><u> \u201cR\u00eave Voyages\u201d <\/u><\/strong>annule un voyage dont l\u2019int\u00e9gralit\u00e9 du montant est acquitt\u00e9e, il vous est propos\u00e9, soit, un remboursement int\u00e9gral, soit, un autre voyage. Dans ce deuxi\u00e8me cas, et si la valeur de ce voyage est inf\u00e9rieure \u00e0 celui initialement propos\u00e9, vous \u00eates en droit de percevoir la diff\u00e9rence du prix. Si au contraire, la valeur du voyage est sup\u00e9rieure \u00e0 celui initialement propos\u00e9, il vous sera demand\u00e9 de vous acquitter de la diff\u00e9rence.<\/p>\n<p>If <strong data-start=\"87\" data-end=\"103\">R\u00eave Voyages<\/strong> cancels a trip for which the full amount has been paid, the client will be offered either a full refund or an alternative trip. In the latter case, if the value of the alternative trip is lower than the originally booked trip, the client is entitled to receive a refund of the price difference. Conversely, if the value of the alternative trip is higher than the originally booked trip, the client will be required to pay the price difference.<\/p>\n<p><strong>There&#8217;s no shipping and refund<\/strong><\/p>\n","protected":false},"excerpt":{"rendered":"<p>Si \u201cR\u00eave Voyages\u201d annule un voyage dont l\u2019int\u00e9gralit\u00e9 du montant est acquitt\u00e9e, il vous est propos\u00e9, soit, un remboursement int\u00e9gral, soit, un autre voyage. Dans ce deuxi\u00e8me cas, et si la valeur de ce voyage est inf\u00e9rieure \u00e0 celui initialement &hellip; <a href=\"https:\/\/reve-voyages.com\/en\/no-shippinf\/\">Read More<\/a><\/p>\n","protected":false},"author":2,"featured_media":0,"parent":0,"menu_order":0,"comment_status":"closed","ping_status":"closed","template":"","meta":{"_acf_changed":false,"footnotes":""},"class_list":["post-1071","page","type-page","status-publish","hentry"],"acf":[],"_links":{"self":[{"href":"https:\/\/reve-voyages.com\/en\/wp-json\/wp\/v2\/pages\/1071","targetHints":{"allow":["GET"]}}],"collection":[{"href":"https:\/\/reve-voyages.com\/en\/wp-json\/wp\/v2\/pages"}],"about":[{"href":"https:\/\/reve-voyages.com\/en\/wp-json\/wp\/v2\/types\/page"}],"author":[{"embeddable":true,"href":"https:\/\/reve-voyages.com\/en\/wp-json\/wp\/v2\/users\/2"}],"replies":[{"embeddable":true,"href":"https:\/\/reve-voyages.com\/en\/wp-json\/wp\/v2\/comments?post=1071"}],"version-history":[{"count":4,"href":"https:\/\/reve-voyages.com\/en\/wp-json\/wp\/v2\/pages\/1071\/revisions"}],"predecessor-version":[{"id":1083,"href":"https:\/\/reve-voyages.com\/en\/wp-json\/wp\/v2\/pages\/1071\/revisions\/1083"}],"wp:attachment":[{"href":"https:\/\/reve-voyages.com\/en\/wp-json\/wp\/v2\/media?parent=1071"}],"curies":[{"name":"wp","href":"https:\/\/api.w.org\/{rel}","templated":true}]}}