{"id":454,"date":"2025-05-07T11:36:54","date_gmt":"2025-05-07T11:36:54","guid":{"rendered":"https:\/\/reve.s2m-eg.com\/?page_id=454"},"modified":"2025-05-16T03:12:12","modified_gmt":"2025-05-16T03:12:12","slug":"nile-cruises","status":"publish","type":"page","link":"https:\/\/reve-voyages.com\/fr\/nile-cruises\/","title":{"rendered":"Croisi\u00e8res sur le Nil"},"content":{"rendered":"<div data-elementor-type=\"wp-page\" data-elementor-id=\"454\" class=\"elementor elementor-454\">\n\t\t\t\t\t\t<section class=\"elementor-section elementor-top-section elementor-element elementor-element-7e01bfa3 elementor-section-height-min-height elementor-section-boxed elementor-section-height-default elementor-section-items-middle\" data-id=\"7e01bfa3\" data-element_type=\"section\" data-settings=\"{&quot;background_background&quot;:&quot;classic&quot;}\">\n\t\t\t\t\t\t\t<div class=\"elementor-background-overlay\"><\/div>\n\t\t\t\t\t\t\t<div class=\"elementor-container elementor-column-gap-default\">\n\t\t\t\t\t<div class=\"elementor-column elementor-col-100 elementor-top-column elementor-element elementor-element-364b63b3\" data-id=\"364b63b3\" data-element_type=\"column\">\n\t\t\t<div class=\"elementor-widget-wrap elementor-element-populated\">\n\t\t\t\t\t\t<div class=\"elementor-element elementor-element-34b8776c elementor-widget elementor-widget-heading\" data-id=\"34b8776c\" data-element_type=\"widget\" data-widget_type=\"heading.default\">\n\t\t\t\t<div class=\"elementor-widget-container\">\n\t\t\t\t\t<h1 class=\"elementor-heading-title elementor-size-default\">Croisi\u00e8res sur le Nil<\/h1>\t\t\t\t<\/div>\n\t\t\t\t<\/div>\n\t\t\t\t\t<\/div>\n\t\t<\/div>\n\t\t\t\t\t<\/div>\n\t\t<\/section>\n\t\t\t\t<section class=\"elementor-section elementor-top-section elementor-element elementor-element-2a3051b1 elementor-section-boxed elementor-section-height-default elementor-section-height-default\" data-id=\"2a3051b1\" data-element_type=\"section\">\n\t\t\t\t\t\t<div class=\"elementor-container elementor-column-gap-default\">\n\t\t\t\t\t<div class=\"elementor-column elementor-col-100 elementor-top-column elementor-element elementor-element-56b127d\" data-id=\"56b127d\" data-element_type=\"column\">\n\t\t\t<div class=\"elementor-widget-wrap elementor-element-populated\">\n\t\t\t\t\t\t<div class=\"elementor-element elementor-element-5756a9f8 elementor-widget elementor-widget-spacer\" data-id=\"5756a9f8\" data-element_type=\"widget\" data-widget_type=\"spacer.default\">\n\t\t\t\t<div class=\"elementor-widget-container\">\n\t\t\t\t\t\t\t<div class=\"elementor-spacer\">\n\t\t\t<div class=\"elementor-spacer-inner\"><\/div>\n\t\t<\/div>\n\t\t\t\t\t\t<\/div>\n\t\t\t\t<\/div>\n\t\t\t\t<div class=\"elementor-element elementor-element-6b525b5f elementor-widget__width-inherit elementor-view-default elementor-position-top elementor-widget elementor-widget-themo-header\" data-id=\"6b525b5f\" data-element_type=\"widget\" data-widget_type=\"themo-header.default\">\n\t\t\t\t<div class=\"elementor-widget-container\">\n\t\t\t\t\t\t\t<div class=\"th-header-wrap\">\n        <div class=\"elementor-icon-box-wrapper\">\n                            <div class=\"elementor-icon-box-content\">\n                    <h2 class=\"elementor-icon-box-title\">\n                                            <\/h2>\n                                        <p class=\"elementor-icon-box-description\">Explorez certains des sites les plus c\u00e9l\u00e8bres et les plus v\u00e9n\u00e9r\u00e9s du monde tout en profitant du confort d'un voilier de charme ou d'un bateau de croisi\u00e8re de luxe.\n\nAccompagn\u00e9 d'un \u00e9gyptologue, plongez dans les diff\u00e9rentes p\u00e9riodes de l'histoire \u00e9gyptienne et d\u00e9couvrez la vie des \u00c9gyptiens et pourquoi le Nil vitale pour eux.\n\nNos croisi\u00e8res comprennent l'h\u00e9bergement en pension compl\u00e8te, o\u00f9 vous pourrez vous d\u00e9tendre pendant la navigation et admirer les magnifiques paysages.\n\nEn naviguant de Louxor \u00e0 Assouan \u00e0 bord de voiliers traditionnels, vous traverserez de petits villages et vous plongerez dans l'authenticit\u00e9 de l'\u00c9gypte, avec ses sites historiques fascinants et la grande hospitalit\u00e9 de ses habitants.\n<\/p>\n\n                                    <\/div>\n            <\/div>\n\n        <\/div>\n\n\t\t\t\t\t\t<\/div>\n\t\t\t\t<\/div>\n\t\t\t\t\t<\/div>\n\t\t<\/div>\n\t\t\t\t\t<\/div>\n\t\t<\/section>\n\t\t\t\t<section class=\"elementor-section elementor-top-section elementor-element elementor-element-b0de0a9 elementor-section-boxed elementor-section-height-default elementor-section-height-default\" data-id=\"b0de0a9\" data-element_type=\"section\">\n\t\t\t\t\t\t<div class=\"elementor-container elementor-column-gap-default\">\n\t\t\t\t\t<div class=\"elementor-column elementor-col-100 elementor-top-column elementor-element elementor-element-7acd223\" data-id=\"7acd223\" data-element_type=\"column\">\n\t\t\t<div class=\"elementor-widget-wrap elementor-element-populated\">\n\t\t\t\t\t\t<div class=\"elementor-element elementor-element-6b8dbd3 elementor-widget elementor-widget-ucaddon_post_grid\" data-id=\"6b8dbd3\" data-element_type=\"widget\" data-widget_type=\"ucaddon_post_grid.default\">\n\t\t\t\t<div class=\"elementor-widget-container\">\n\t\t\t\t\t\n<!-- start Post Grid -->\n\t\t<link id='font-awesome-css' href='https:\/\/reve-voyages.com\/wp-content\/plugins\/unlimited-elements-for-elementor-premium\/assets_libraries\/font-awesome6\/fontawesome-all.min.css' type='text\/css' rel='stylesheet' >\n\t\t<link id='font-awesome-4-shim-css' href='https:\/\/reve-voyages.com\/wp-content\/plugins\/unlimited-elements-for-elementor-premium\/assets_libraries\/font-awesome6\/fontawesome-v4-shims.min.css' type='text\/css' rel='stylesheet' >\n\n<style>\/* widget: Post Grid *\/\n\n\n\n#uc_post_grid_elementor_6b8dbd3{\n  min-height: 1px;\n}\n\n#uc_post_grid_elementor_6b8dbd3.uc_post_grid_style_one .uc_post_grid_style_one_wrap {\n   display:grid;\n}\n\n\n#uc_post_grid_elementor_6b8dbd3 .uc_post_grid_style_one_item{\n  position:relative;\n}\n\n#uc_post_grid_elementor_6b8dbd3 .uc_post_image{\n  transition:0.3s;\n  position:relative;\n  overflow:hidden;\n}\n\n#uc_post_grid_elementor_6b8dbd3 .uc_post_image img{\n  width:100%;\n  display:block;\n  transition:0.3s;\n}\n\n\t\n\n#uc_post_grid_elementor_6b8dbd3 .uc_post_image_overlay{\n  position:absolute;\n  top:0px;\n  left:0px;\n  height:100%;\n  width:100%;\n  transition:0.3s;\n}\n\n#uc_post_grid_elementor_6b8dbd3 .uc_more_btn-custom-field{\n  display:inline-block;\n  text-align:center;\n  text-decoration:none;\n  transition:0.3s;\n}\n\n#uc_post_grid_elementor_6b8dbd3 .uc_more_btn{\n  display:inline-block;\n  text-align:center;\n  text-decoration:none;\n  transition:0.3s;\n}\n\n.ue-grid-item-category a{\n  display:inline-block;\n  font-size:10px;\n  position: relative;\n  z-index: 1;\n}\n\n#uc_post_grid_elementor_6b8dbd3 .ue-grid-item-posttype{\n  display:inline-block;\n  position: relative;\n  z-index: 1;\n}\n\n\n.uc_post_title{\n  font-size:21px;\n}\n\n\n\n\n\t#uc_post_grid_elementor_6b8dbd3.uc_post_grid_style_one:not(.ue-list-view) .uc_content{\n      position:absolute;      \n      display:flex;\n      align-items:center;\n      flex-direction:column;\n      justify-content: center;\n    }\n\n\t      #uc_post_grid_elementor_6b8dbd3.uc_post_grid_style_one:not(.ue-list-view) .uc_content{\n        top:0px;\n        left:0px;\n        bottom:0px;\n        right:0px;\n        opacity:0;\n        transition:1s;\n      }\n\n      #uc_post_grid_elementor_6b8dbd3:not(.ue-list-view) .uc_post_grid_style_one_item:hover .uc_content{\n        opacity:1;\n      }\n\t\n\t\n\n\n\n\n\n\n\n\n\n\n\n\/*  for grid\/list layout switcher*\/\n\t#uc_post_grid_elementor_6b8dbd3.ue-list-view .uc_post_grid_style_one_item {\n     display:flex;  \n     flex-direction:row;\n    }\n    #uc_post_grid_elementor_6b8dbd3.ue-list-view .uc_post_grid_style_one_item > div{\n     width:50%;\n    }\n   \n    #uc_post_grid_elementor_6b8dbd3.ue-list-view .uc_content    {\n      display:flex;\n      flex-direction:column;\n      justify-content:center;\n    }\n \n\/*  for grid\/list layout switcher*\/\n\n#uc_post_grid_elementor_6b8dbd3 .ue-meta-data{  \n  display:flex !important;\n  flex-wrap: wrap;\n  line-height:1em;\n}\n\n#uc_post_grid_elementor_6b8dbd3 .ue-grid-item-meta-data{\n  display:inline-flex;\n  align-items:center;\n}\n\n#uc_post_grid_elementor_6b8dbd3 .ue-grid-item-meta-data a{\n  color:inherit;\n}\n\n.ue-grid-item-meta-data{\n  font-size:12px;\n}\n\n#uc_post_grid_elementor_6b8dbd3 .ue-grid-item-meta-data-icon{\n  line-height:1em;\n}\n\n#uc_post_grid_elementor_6b8dbd3 .ue-grid-item-meta-data-icon svg{\n  width:1em;\n  height:1em;\n}\n\n#uc_post_grid_elementor_6b8dbd3 .ue-debug-meta{\n  padding:10px;\n  border:1px solid red;\n  position:relative;\n  line-height:1.5em;\n  font-size:11px;\n  width:100%;\n}\n\n#uc_post_grid_elementor_6b8dbd3 .uc_btn_inner{\n  display:inline-flex;\n  align-items:center;\n  pointer-events:none;\n}\n\n#uc_post_grid_elementor_6b8dbd3 .uc_btn_inner svg{\n  width:1em;\n  height:1em;\n}\n#uc_post_grid_elementor_6b8dbd3 .ue_p_title{\n  pointer-events:none;\n}\n\n\n#uc_post_grid_elementor_6b8dbd3 .uc_content_inner{\n  width: 100%;\n}\n\n\n#uc_post_grid_elementor_6b8dbd3 .view-switcher-button{\n  display: flex;\n  align-items: center;\n}\n\n#uc_post_grid_elementor_6b8dbd3 .view-switcher-icon{\n  display: flex;\n  align-items: center;\n  line-height: 1;\n  cursor: pointer;\n  transition: all .3s ease;\n}\n\n#uc_post_grid_elementor_6b8dbd3 .view-switcher-icon svg{\n  height:1em;\n  width:1em;\n}\n\n#uc_post_grid_elementor_6b8dbd3 .view-switcher-icon.ue-hidden{\n  display: none;\n}\n\n\n#uc_post_grid_elementor_6b8dbd3_item1 [href=\"javascript:void(0)\"]{\n  cursor: unset;\n}\n\n\n#uc_post_grid_elementor_6b8dbd3_item2 [href=\"javascript:void(0)\"]{\n  cursor: unset;\n}\n\n\n#uc_post_grid_elementor_6b8dbd3_item3 [href=\"javascript:void(0)\"]{\n  cursor: unset;\n}\n\n\n<\/style>\n\n<div class=\"uc_post_grid_style_one\" id=\"uc_post_grid_elementor_6b8dbd3\"  >\n  \t\n  <div class=\"uc_post_grid_style_one_wrap ue_post_grid uc-items-wrapper ue-woo-grid\">\n\t\t\t\n\n\n\n<div id=\"uc_post_grid_elementor_6b8dbd3_item1\" class=\"uc_post_grid_style_one_item ue_post_grid_item ue-item\">\n  \n      <a class=\"uc_post_grid_style_one_image\" href='https:\/\/reve-voyages.com\/fr\/tour\/10-days-between-cairo-and-aswan-with-5-nights-on-the-nile\/' target=\"_self\">\n     <div class=\"uc_post_image\">\n       <img loading=\"lazy\" decoding=\"async\" src=\"https:\/\/reve-voyages.com\/wp-content\/uploads\/2025\/04\/WhatsApp-Image-2025-04-10-at-7.10.17-PM.jpeg\"  alt=\"WhatsApp-Image-2025-04-10-at-7.10.17-PM\" width=\"1280\" height=\"960\">\n       <div class=\"uc_post_image_overlay\"><\/div>\n     <\/div>\n    <\/a>\n   \n  <div class=\"uc_content\">\n    <div class=\"uc_content_inner\">\n      <div class=\"uc_content-info-wrapper\" >\n        \n\n               \n       \n              \n\n            \t\t\t<div class=\"uc_post_title\"><a class=\"\" href='https:\/\/reve-voyages.com\/fr\/tour\/10-days-between-cairo-and-aswan-with-5-nights-on-the-nile\/' target=\"_self\"><div class=\"ue_p_title\">Glisser sur le Nil \u00e0 bord d'un sandal traditionnel.<\/div><\/a><\/div>\n      \t\n                      \n       \n        <div class=\"ue-meta-data\">\n            \n                \t    \n                \n        \n\t\n                \n                \n                \n                \n    \t\t\t\n      \n            \n  <\/div>\t\n           \n                 \n                            \n                                  \n     <\/div>                      \n                           \n \t<\/div>  <\/div>      \n        \n<\/div>\n\n\n\n\n<div id=\"uc_post_grid_elementor_6b8dbd3_item2\" class=\"uc_post_grid_style_one_item ue_post_grid_item ue-item\">\n  \n      <a class=\"uc_post_grid_style_one_image\" href='https:\/\/reve-voyages.com\/fr\/tour\/from-louxor-to-assouan-in-7-days\/' target=\"_self\">\n     <div class=\"uc_post_image\">\n       <img loading=\"lazy\" decoding=\"async\" src=\"https:\/\/reve-voyages.com\/wp-content\/uploads\/2025\/05\/20250322_090441-scaled.jpg\"  alt=\"20250322_090441\" width=\"2560\" height=\"1920\">\n       <div class=\"uc_post_image_overlay\"><\/div>\n     <\/div>\n    <\/a>\n   \n  <div class=\"uc_content\">\n    <div class=\"uc_content_inner\">\n      <div class=\"uc_content-info-wrapper\" >\n        \n\n               \n       \n              \n\n            \t\t\t<div class=\"uc_post_title\"><a class=\"\" href='https:\/\/reve-voyages.com\/fr\/tour\/from-louxor-to-assouan-in-7-days\/' target=\"_self\"><div class=\"ue_p_title\">Le secret du Nil : De Louxor \u00e0 Assouan en 7 jours<\/div><\/a><\/div>\n      \t\n                      \n       \n        <div class=\"ue-meta-data\">\n            \n                \t    \n                \n        \n\t\n                \n                \n                \n                \n    \t\t\t\n      \n            \n  <\/div>\t\n           \n                 \n                            \n                                  \n     <\/div>                      \n                           \n \t<\/div>  <\/div>      \n        \n<\/div>\n\n\n\n\n<div id=\"uc_post_grid_elementor_6b8dbd3_item3\" class=\"uc_post_grid_style_one_item ue_post_grid_item ue-item\">\n  \n      <a class=\"uc_post_grid_style_one_image\" href='https:\/\/reve-voyages.com\/fr\/tour\/10-days-across-upper-and-lower-egypt-to-explore-its-unique-heritage\/' target=\"_self\">\n     <div class=\"uc_post_image\">\n       <img loading=\"lazy\" decoding=\"async\" src=\"https:\/\/reve-voyages.com\/wp-content\/uploads\/2025\/05\/PHILAE-scaled.jpg\"  alt=\"PHILAE\" width=\"2560\" height=\"1707\">\n       <div class=\"uc_post_image_overlay\"><\/div>\n     <\/div>\n    <\/a>\n   \n  <div class=\"uc_content\">\n    <div class=\"uc_content_inner\">\n      <div class=\"uc_content-info-wrapper\" >\n        \n\n               \n       \n              \n\n            \t\t\t<div class=\"uc_post_title\"><a class=\"\" href='https:\/\/reve-voyages.com\/fr\/tour\/10-days-across-upper-and-lower-egypt-to-explore-its-unique-heritage\/' target=\"_self\"><div class=\"ue_p_title\">Un dahabieh pour d\u00e9couvrir les temples d'Egypte<\/div><\/a><\/div>\n      \t\n                      \n       \n        <div class=\"ue-meta-data\">\n            \n                \t    \n                \n        \n\t\n                \n                \n                \n                \n    \t\t\t\n      \n            \n  <\/div>\t\n           \n                 \n                            \n                                  \n     <\/div>                      \n                           \n \t<\/div>  <\/div>      \n        \n<\/div>\n\n\t\t<\/div>\n\t<\/div>\n\n\n\n  <div id=\"uc_post_grid_elementor_6b8dbd3_empty_message\" class=\"ue-no-posts-found\"  style=\"display:none\" ><\/div>\n\n\n<!-- end Post Grid -->\t\t\t\t<\/div>\n\t\t\t\t<\/div>\n\t\t\t\t\t<\/div>\n\t\t<\/div>\n\t\t\t\t\t<\/div>\n\t\t<\/section>\n\t\t\t\t<section class=\"elementor-section elementor-top-section elementor-element elementor-element-dd35e97 elementor-section-boxed elementor-section-height-default elementor-section-height-default\" data-id=\"dd35e97\" data-element_type=\"section\">\n\t\t\t\t\t\t<div class=\"elementor-container elementor-column-gap-default\">\n\t\t\t\t\t<div class=\"elementor-column elementor-col-100 elementor-top-column elementor-element elementor-element-325ecc\" data-id=\"325ecc\" data-element_type=\"column\">\n\t\t\t<div class=\"elementor-widget-wrap elementor-element-populated\">\n\t\t\t\t\t\t<div class=\"elementor-element elementor-element-76fbcedb elementor-view-default elementor-position-top elementor-widget elementor-widget-themo-header\" data-id=\"76fbcedb\" data-element_type=\"widget\" data-widget_type=\"themo-header.default\">\n\t\t\t\t<div class=\"elementor-widget-container\">\n\t\t\t\t\t\t\t<div class=\"th-header-wrap\">\n        <div class=\"elementor-icon-box-wrapper\">\n                            <div class=\"elementor-icon-box-content\">\n                    <h2 class=\"elementor-icon-box-title\">\n                        Nos bateaux                    <\/h2>\n                                        <p class=\"elementor-icon-box-description\">D\u00e9couvrez l'\u00c9gypte d'un point de vue unique \u00e0 bord de bateaux traditionnels.\nNos bateaux de taille intime offrent un lien \u00e9troit avec le Nil, permettant des arr\u00eats non seulement aux temples antiques embl\u00e9matiques, mais aussi \u00e0 des endroits cach\u00e9s que la plupart des touristes n'ont jamais vus.\nD\u00e9tendez-vous dans des cabines spacieuses avec salle de bain priv\u00e9e et, entre les excursions, laissez-vous tenter par la d\u00e9licieuse cuisine \u00e9labor\u00e9e par nos deux chefs ex\u00e9cutifs.<\/p>\n\n                                    <\/div>\n            <\/div>\n\n        <\/div>\n\n\t\t\t\t\t\t<\/div>\n\t\t\t\t<\/div>\n\t\t\t\t<div class=\"elementor-element elementor-element-73d56612 elementor-widget elementor-widget-spacer\" data-id=\"73d56612\" data-element_type=\"widget\" data-widget_type=\"spacer.default\">\n\t\t\t\t<div class=\"elementor-widget-container\">\n\t\t\t\t\t\t\t<div class=\"elementor-spacer\">\n\t\t\t<div class=\"elementor-spacer-inner\"><\/div>\n\t\t<\/div>\n\t\t\t\t\t\t<\/div>\n\t\t\t\t<\/div>\n\t\t\t\t<div class=\"elementor-element elementor-element-54f08946 elementor-widget elementor-widget-spacer\" data-id=\"54f08946\" data-element_type=\"widget\" data-widget_type=\"spacer.default\">\n\t\t\t\t<div class=\"elementor-widget-container\">\n\t\t\t\t\t\t\t<div class=\"elementor-spacer\">\n\t\t\t<div class=\"elementor-spacer-inner\"><\/div>\n\t\t<\/div>\n\t\t\t\t\t\t<\/div>\n\t\t\t\t<\/div>\n\t\t\t\t\t<\/div>\n\t\t<\/div>\n\t\t\t\t\t<\/div>\n\t\t<\/section>\n\t\t\t\t<section class=\"elementor-section elementor-top-section elementor-element elementor-element-3026eab elementor-section-boxed elementor-section-height-default elementor-section-height-default\" data-id=\"3026eab\" data-element_type=\"section\">\n\t\t\t\t\t\t<div class=\"elementor-container elementor-column-gap-default\">\n\t\t\t\t\t<div class=\"elementor-column elementor-col-33 elementor-top-column elementor-element elementor-element-3f95126\" data-id=\"3f95126\" data-element_type=\"column\">\n\t\t\t<div class=\"elementor-widget-wrap elementor-element-populated\">\n\t\t\t\t\t\t<div class=\"elementor-element elementor-element-7a2e618 elementor-widget elementor-widget-image\" data-id=\"7a2e618\" data-element_type=\"widget\" data-widget_type=\"image.default\">\n\t\t\t\t<div class=\"elementor-widget-container\">\n\t\t\t\t\t\t\t\t\t\t\t\t\t\t\t<img loading=\"lazy\" decoding=\"async\" width=\"1024\" height=\"678\" src=\"https:\/\/reve-voyages.com\/wp-content\/uploads\/2025\/05\/IMG-20241024-WA0058-1024x678.webp\" class=\"attachment-large size-large wp-image-718\" alt=\"\" srcset=\"https:\/\/reve-voyages.com\/wp-content\/uploads\/2025\/05\/IMG-20241024-WA0058-1024x678.webp 1024w, https:\/\/reve-voyages.com\/wp-content\/uploads\/2025\/05\/IMG-20241024-WA0058-300x199.webp 300w, https:\/\/reve-voyages.com\/wp-content\/uploads\/2025\/05\/IMG-20241024-WA0058-768x508.webp 768w, https:\/\/reve-voyages.com\/wp-content\/uploads\/2025\/05\/IMG-20241024-WA0058-18x12.webp 18w, https:\/\/reve-voyages.com\/wp-content\/uploads\/2025\/05\/IMG-20241024-WA0058-92x61.webp 92w, https:\/\/reve-voyages.com\/wp-content\/uploads\/2025\/05\/IMG-20241024-WA0058-121x80.webp 121w, https:\/\/reve-voyages.com\/wp-content\/uploads\/2025\/05\/IMG-20241024-WA0058-394x261.webp 394w, https:\/\/reve-voyages.com\/wp-content\/uploads\/2025\/05\/IMG-20241024-WA0058-915x605.jpg 915w, https:\/\/reve-voyages.com\/wp-content\/uploads\/2025\/05\/IMG-20241024-WA0058-1240x821.jpg 1240w, https:\/\/reve-voyages.com\/wp-content\/uploads\/2025\/05\/IMG-20241024-WA0058.webp 1280w\" sizes=\"(max-width: 1024px) 100vw, 1024px\" \/>\t\t\t\t\t\t\t\t\t\t\t\t\t\t\t<\/div>\n\t\t\t\t<\/div>\n\t\t\t\t\t<\/div>\n\t\t<\/div>\n\t\t\t\t<div class=\"elementor-column elementor-col-66 elementor-top-column elementor-element elementor-element-373c132\" data-id=\"373c132\" data-element_type=\"column\">\n\t\t\t<div class=\"elementor-widget-wrap elementor-element-populated\">\n\t\t\t\t\t\t<div class=\"elementor-element elementor-element-8e9742a elementor-widget elementor-widget-heading\" data-id=\"8e9742a\" data-element_type=\"widget\" data-widget_type=\"heading.default\">\n\t\t\t\t<div class=\"elementor-widget-container\">\n\t\t\t\t\t<h2 class=\"elementor-heading-title elementor-size-default\">Dahabieh<\/h2>\t\t\t\t<\/div>\n\t\t\t\t<\/div>\n\t\t\t\t<div class=\"elementor-element elementor-element-dba1ddd elementor-widget elementor-widget-text-editor\" data-id=\"dba1ddd\" data-element_type=\"widget\" data-widget_type=\"text-editor.default\">\n\t\t\t\t<div class=\"elementor-widget-container\">\n\t\t\t\t\t\t\t\t\t<p>Le Dahabieh \u00e9tait le moyen de transport privil\u00e9gi\u00e9 des explorateurs et des aristocrates sur le Nil, bien avant l'arriv\u00e9e des bateaux \u00e0 vapeur.<br data-start=\"269\" data-end=\"272\" \/>Son nom vient du mot arabe signifiant \"or\", <em data-start=\"318\" data-end=\"325\">Dahab<\/em>Le nom de l'entreprise est un clin d'\u0153il \u00e0 la couleur traditionnellement dor\u00e9e de la viande de porc.<br data-start=\"367\" data-end=\"370\" \/>Avec un pont spacieux de 270 m\u00b2, il offre des moments de tranquillit\u00e9 pour se d\u00e9tendre et admirer les rives luxuriantes du Nil entre deux excursions.<\/p>\t\t\t\t\t\t\t\t<\/div>\n\t\t\t\t<\/div>\n\t\t\t\t\t<\/div>\n\t\t<\/div>\n\t\t\t\t\t<\/div>\n\t\t<\/section>\n\t\t\t\t<section class=\"elementor-section elementor-top-section elementor-element elementor-element-1f2b9f8 elementor-section-boxed elementor-section-height-default elementor-section-height-default\" data-id=\"1f2b9f8\" data-element_type=\"section\">\n\t\t\t\t\t\t<div class=\"elementor-container elementor-column-gap-default\">\n\t\t\t\t\t<div class=\"elementor-column elementor-col-33 elementor-top-column elementor-element elementor-element-0c951f9\" data-id=\"0c951f9\" data-element_type=\"column\">\n\t\t\t<div class=\"elementor-widget-wrap elementor-element-populated\">\n\t\t\t\t\t\t<div class=\"elementor-element elementor-element-f7ccb7c elementor-widget elementor-widget-image\" data-id=\"f7ccb7c\" data-element_type=\"widget\" data-widget_type=\"image.default\">\n\t\t\t\t<div class=\"elementor-widget-container\">\n\t\t\t\t\t\t\t\t\t\t\t\t\t\t\t<img loading=\"lazy\" decoding=\"async\" width=\"795\" height=\"585\" src=\"https:\/\/reve-voyages.com\/wp-content\/uploads\/2025\/05\/sandal-1.webp\" class=\"attachment-large size-large wp-image-715\" alt=\"\" srcset=\"https:\/\/reve-voyages.com\/wp-content\/uploads\/2025\/05\/sandal-1.webp 795w, https:\/\/reve-voyages.com\/wp-content\/uploads\/2025\/05\/sandal-1-300x221.webp 300w, https:\/\/reve-voyages.com\/wp-content\/uploads\/2025\/05\/sandal-1-768x565.webp 768w, https:\/\/reve-voyages.com\/wp-content\/uploads\/2025\/05\/sandal-1-16x12.webp 16w, https:\/\/reve-voyages.com\/wp-content\/uploads\/2025\/05\/sandal-1-83x61.webp 83w, https:\/\/reve-voyages.com\/wp-content\/uploads\/2025\/05\/sandal-1-109x80.webp 109w, https:\/\/reve-voyages.com\/wp-content\/uploads\/2025\/05\/sandal-1-394x290.webp 394w\" sizes=\"(max-width: 795px) 100vw, 795px\" \/>\t\t\t\t\t\t\t\t\t\t\t\t\t\t\t<\/div>\n\t\t\t\t<\/div>\n\t\t\t\t\t<\/div>\n\t\t<\/div>\n\t\t\t\t<div class=\"elementor-column elementor-col-66 elementor-top-column elementor-element elementor-element-802f73f\" data-id=\"802f73f\" data-element_type=\"column\">\n\t\t\t<div class=\"elementor-widget-wrap elementor-element-populated\">\n\t\t\t\t\t\t<div class=\"elementor-element elementor-element-2a84369 elementor-widget elementor-widget-heading\" data-id=\"2a84369\" data-element_type=\"widget\" data-widget_type=\"heading.default\">\n\t\t\t\t<div class=\"elementor-widget-container\">\n\t\t\t\t\t<h2 class=\"elementor-heading-title elementor-size-default\">Sandale<\/h2>\t\t\t\t<\/div>\n\t\t\t\t<\/div>\n\t\t\t\t<div class=\"elementor-element elementor-element-8528ad1 elementor-widget elementor-widget-text-editor\" data-id=\"8528ad1\" data-element_type=\"widget\" data-widget_type=\"text-editor.default\">\n\t\t\t\t<div class=\"elementor-widget-container\">\n\t\t\t\t\t\t\t\t\t<p class=\"\" data-start=\"660\" data-end=\"948\">Ces voiliers en bois sont utilis\u00e9s depuis l'\u00e9poque pharaonique pour transporter les pierres destin\u00e9es \u00e0 la construction des temples, ainsi que la nourriture et les personnes.<br data-start=\"796\" data-end=\"799\" \/>Avant la cr\u00e9ation du lac Nasser, qui a permis de r\u00e9guler les crues du Nil, la navigation fluviale \u00e9tait le principal mode de transport des \u00c9gyptiens.<\/p><p class=\"\" data-start=\"660\" data-end=\"948\">La navigation \u00e0 bord d'une sandale cr\u00e9e une atmosph\u00e8re douillette et apaisante, gr\u00e2ce \u00e0 sa taille intime et au petit nombre de personnes \u00e0 bord.<\/p>\t\t\t\t\t\t\t\t<\/div>\n\t\t\t\t<\/div>\n\t\t\t\t\t<\/div>\n\t\t<\/div>\n\t\t\t\t\t<\/div>\n\t\t<\/section>\n\t\t\t\t<section class=\"elementor-section elementor-top-section elementor-element elementor-element-3731e2dc elementor-section-boxed elementor-section-height-default elementor-section-height-default\" data-id=\"3731e2dc\" data-element_type=\"section\" data-settings=\"{&quot;background_background&quot;:&quot;classic&quot;}\">\n\t\t\t\t\t\t\t<div class=\"elementor-background-overlay\"><\/div>\n\t\t\t\t\t\t\t<div class=\"elementor-container elementor-column-gap-default\">\n\t\t\t\t\t<div class=\"elementor-column elementor-col-100 elementor-top-column elementor-element elementor-element-6addf46c\" data-id=\"6addf46c\" data-element_type=\"column\">\n\t\t\t<div class=\"elementor-widget-wrap\">\n\t\t\t\t\t\t\t<\/div>\n\t\t<\/div>\n\t\t\t\t\t<\/div>\n\t\t<\/section>\n\t\t\t\t<\/div>","protected":false},"excerpt":{"rendered":"<p>Croisi\u00e8res sur le Nil Explorez certains des sites les plus c\u00e9l\u00e8bres et les plus v\u00e9n\u00e9r\u00e9s au monde tout en profitant du confort d'un voilier de charme ou d'un bateau de croisi\u00e8re de luxe. Accompagn\u00e9 d'un \u00e9gyptologue, plongez dans les diff\u00e9rentes p\u00e9riodes de l'histoire \u00e9gyptienne et d\u00e9couvrez ... <a href=\"https:\/\/reve-voyages.com\/fr\/nile-cruises\/\">Lire la suite<\/a><\/p>","protected":false},"author":1,"featured_media":0,"parent":0,"menu_order":8,"comment_status":"closed","ping_status":"closed","template":"","meta":{"_acf_changed":false,"footnotes":""},"class_list":["post-454","page","type-page","status-publish","hentry"],"acf":[],"_links":{"self":[{"href":"https:\/\/reve-voyages.com\/fr\/wp-json\/wp\/v2\/pages\/454","targetHints":{"allow":["GET"]}}],"collection":[{"href":"https:\/\/reve-voyages.com\/fr\/wp-json\/wp\/v2\/pages"}],"about":[{"href":"https:\/\/reve-voyages.com\/fr\/wp-json\/wp\/v2\/types\/page"}],"author":[{"embeddable":true,"href":"https:\/\/reve-voyages.com\/fr\/wp-json\/wp\/v2\/users\/1"}],"replies":[{"embeddable":true,"href":"https:\/\/reve-voyages.com\/fr\/wp-json\/wp\/v2\/comments?post=454"}],"version-history":[{"count":20,"href":"https:\/\/reve-voyages.com\/fr\/wp-json\/wp\/v2\/pages\/454\/revisions"}],"predecessor-version":[{"id":1138,"href":"https:\/\/reve-voyages.com\/fr\/wp-json\/wp\/v2\/pages\/454\/revisions\/1138"}],"wp:attachment":[{"href":"https:\/\/reve-voyages.com\/fr\/wp-json\/wp\/v2\/media?parent=454"}],"curies":[{"name":"wp","href":"https:\/\/api.w.org\/{rel}","templated":true}]}}